{"id":9,"date":"2015-02-10T19:21:19","date_gmt":"2015-02-10T19:21:19","guid":{"rendered":"http:\/\/theme-fusion.com\/avada_demos\/architecture\/?page_id=9"},"modified":"2019-08-13T08:59:17","modified_gmt":"2019-08-13T08:59:17","slug":"about-2","status":"publish","type":"page","link":"https:\/\/merkanta.pl\/?page_id=9","title":{"rendered":"Kim jeste\u015bmy ?"},"content":{"rendered":"<div class=\"fusion-fullwidth fullwidth-box fusion-fullwidth-1  fusion-parallax-none nonhundred-percent-fullwidth\" style=\"border-color:#eae9e9;border-bottom-width: 0px;border-top-width: 0px;border-bottom-style: solid;border-top-style: solid;padding-bottom:150px;padding-top:150px;padding-left:0px;padding-right:0px;\"><style type=\"text\/css\" scoped=\"scoped\">.fusion-fullwidth-1 {\n                            padding-left: 0px !important;\n                            padding-right: 0px !important;\n                        }<\/style><div class=\"fusion-row\"><div class=\"fusion-one-half fusion-layout-column fusion-spacing-yes\" style=\"margin-top:0px;margin-bottom:20px;\"><div class=\"fusion-column-wrapper\"><h2>MERKANTA<\/h2>\n<div class=\"fusion-sep-clear\"><\/div><div class=\"fusion-separator sep-single\" style=\"border-color:#e2e3e8;border-top-width:3px;margin-top:0px;margin-bottom:35px;width:100%;max-width:170px;\"><\/div><h3><em>Sprawdzony partner w biznesie<\/em><\/h3>\n<div class=\"fusion-clearfix\"><\/div><\/div><\/div><div class=\"fusion-one-half fusion-layout-column fusion-column-last fusion-spacing-yes\" style=\"margin-top:0px;margin-bottom:20px;\"><div class=\"fusion-column-wrapper\"><span class=\"fusion-imageframe imageframe-none imageframe-1 hover-type-zoomin fusion-animated\" data-animationType=\"fadeInDown\" data-animationDuration=\"1\" data-animationOffset=\"100%\"><a href=\"http:\/\/merkanta.pl\/wp-content\/uploads\/2015\/02\/parnter.jpg\" class=\"fusion-lightbox\" data-rel=\"iLightbox[eb94811b4af33ab3991]\" data-title=\"parnter\"> <img decoding=\"async\" src=\"http:\/\/merkanta.pl\/wp-content\/uploads\/2015\/02\/parnter.jpg\" alt=\"\" class=\"img-responsive\"\/><\/a><\/span><div class=\"fusion-sep-clear\"><\/div><div class=\"fusion-separator fusion-full-width-sep sep-none\" style=\"border-color:#e0dede;margin-left: auto;margin-right: auto;margin-top:40px;\"><\/div><div class=\"fusion-clearfix\"><\/div><\/div><\/div><div class=\"fusion-clearfix\"><\/div><div class=\"fusion-one-full fusion-layout-column fusion-column-last fusion-spacing-yes\" style=\"margin-top:0px;margin-bottom:20px;\"><div class=\"fusion-column-wrapper\"><p>Od pocz\u0105tku zajmujemy si\u0119 przede wszystkim kompleksow\u0105 sprzeda\u017c\u0105 hurtow\u0105 i detaliczn\u0105 materia\u0142\u00f3w budowlanych i wyko\u0144czeniowych, obs\u0142ug\u0105 inwestycji budowlanych. W ostatnim czasie rozszerzyli\u015bmy nasz\u0105 dzia\u0142alno\u015b\u0107 o sprzeda\u017c hurtowa i detaliczn\u0105 odzie\u017cy ochronnej i bhp oraz produkt\u00f3w przemys\u0142u spo\u017cywczego.<\/p>\n<p>Obecnie kompleksowo zaopatrujemy ponad \u00a0200 hurtowni materia\u0142\u00f3w budowlanych oraz firm budowlanych w materia\u0142y takie jak: gazobeton bia\u0142y i szary, ceg\u0142a ceramiczna, ceg\u0142a silikatowa, ceg\u0142a klinkierowa, pokrycia dachowe, wapno hydratyzowane, cement, papy, siatka elewacyjna, we\u0142ny mineralne, styropian, karton \u2013 gips.<\/p>\n<p>Merkanta to oferta materia\u0142\u00f3w wyko\u0144czeniowych takie jak: p\u0142ytki ceramiczne, ceramika sanitarna, armatura, meble \u0142azienkowe, o\u015bwietlenie \u0142azienkowe, akcesoria \u0142azienkowe,\u00a0 kleje, farby.<\/p>\n<p>Utrzymujemy wysokie pozycje pod wzgl\u0119dem ilo\u015bci odbieranych materia\u0142\u00f3w u producent\u00f3w.<\/p>\n<p>Wsp\u00f3\u0142pracujemy z inwestorami i deweloperami, zapewniaj\u0105c kompleksowe zaopatrzenie inwestycji zar\u00f3wno dla klient\u00f3w indywidualnych jak i na osiedla mieszkaniowe, hotele, budynki u\u017cyteczno\u015bci publicznej oraz centa handlowe.<\/p>\n<p>Firma Merkanta rozwija si\u0119 pr\u0119\u017cnie i stara si\u0119 rozszerza\u0107 swoj\u0105 ofert\u0119 handlow\u0105 o coraz to nowy asortyment.<\/p>\n<div class=\"fusion-clearfix\"><\/div><\/div><\/div><div class=\"fusion-clearfix\"><\/div><\/div><\/div><div class=\"fusion-fullwidth fullwidth-box fusion-fullwidth-2  fusion-parallax-fixed nonhundred-percent-fullwidth\" style=\"border-color:#eae9e9;border-bottom-width: 0px;border-top-width: 0px;border-bottom-style: solid;border-top-style: solid;padding-bottom:150px;padding-top:150px;padding-left:0px;padding-right:0px;background-attachment:fixed;background-position:left top;background-repeat:no-repeat;-webkit-background-size:cover;-moz-background-size:cover;-o-background-size:cover;background-size:cover;-ms-filter: &quot;progid:DXImageTransform.Microsoft.AlphaImageLoader(src=&#039;http:\/\/merkanta.pl\/wp-content\/uploads\/2015\/05\/st-lucia.jpg&#039;, sizingMethod=&#039;scale&#039;)&quot;;background-image: url(http:\/\/merkanta.pl\/wp-content\/uploads\/2015\/05\/st-lucia.jpg);\"><style type=\"text\/css\" scoped=\"scoped\">.fusion-fullwidth-2 {\n                            padding-left: 0px !important;\n                            padding-right: 0px !important;\n                        }<\/style><div class=\"fusion-row\"><h4><span style=\"color: #ffffff;\">NASZA DZIA\u0141ALNO\u015a\u0106 TO:<\/span><\/h4>\n<p><span style=\"color: #ffffff;\">W 2005 roku otworzyli\u015bmy sklep\u00a0<a style=\"color: #ffffff;\" href=\"http:\/\/www.galeriaceramiki.eu\/\">GALERIA CERAMIKI<\/a>\u00a0o powierzchni 1000 m2 z siedzib\u0105 w Radomiu przy ulicy Wierzbickiej 26\/44. Posiadamy szerok\u0105 ofert\u0119 p\u0142ytek ceramicznych najlepszych \u015bwiatowych designer\u00f3w \u00a0z W\u0142och, Hiszpanii, Niemiec, Azji oraz du\u017ca gama polskich producent\u00f3w jak Ceramika Tub\u0105dzin, Ceramika Parady\u017c, Ceramika Nowa Gala, Ceramika Gres w szerokim wachlarzu fason\u00f3w, barw i wzor\u00f3w, oraz armatur\u0119 i urz\u0105dzenia sanitarne typu: wanny, kabiny prysznicowe, umywalki.\u00a0Wykonujemy r\u00f3wnie\u017c projekty i aran\u017cacje wn\u0119trz.<\/span><\/p>\n<div class=\"fusion-sep-clear\"><\/div><div class=\"fusion-separator fusion-full-width-sep sep-none\" style=\"border-color:#e0dede;margin-left: auto;margin-right: auto;margin-top:60px;\"><\/div><\/div><\/div><div class=\"fusion-fullwidth fullwidth-box fusion-fullwidth-3  fusion-parallax-none nonhundred-percent-fullwidth\" style=\"border-color:#eae9e9;border-bottom-width: 0px;border-top-width: 0px;border-bottom-style: solid;border-top-style: solid;padding-bottom:30px;padding-top:150px;padding-left:0px;padding-right:0px;\"><style type=\"text\/css\" scoped=\"scoped\">.fusion-fullwidth-3 {\n                            padding-left: 0px !important;\n                            padding-right: 0px !important;\n                        }<\/style><div class=\"fusion-row\"><div class=\"fusion-one-third fusion-layout-column fusion-spacing-yes\" style=\"margin-top:0px;margin-bottom:0px;\"><div class=\"fusion-column-wrapper\" style=\"border-right:3px solid #e0dede;\"><h2>PROCES PRACY Z KLIENTEM<\/h2>\n<div class=\"fusion-clearfix\"><\/div><\/div><\/div><div class=\"fusion-two-third fusion-layout-column fusion-column-last fusion-spacing-yes\" style=\"margin-top:0px;margin-bottom:100px;\"><div class=\"fusion-column-wrapper\"><h3><em>Dla nas najwa\u017cniejszy jest klient.<\/em><\/h3>\n<div class=\"fusion-clearfix\"><\/div><\/div><\/div><div class=\"fusion-clearfix\"><\/div><\/div><\/div><div class=\"fusion-fullwidth fullwidth-box fusion-fullwidth-4  fusion-parallax-none nonhundred-percent-fullwidth fusion-equal-height-columns\" style=\"border-color:#eae9e9;border-bottom-width: 0px;border-top-width: 0px;border-bottom-style: solid;border-top-style: solid;padding-bottom:140px;padding-top:0px;padding-left:0px;padding-right:0px;\"><style type=\"text\/css\" scoped=\"scoped\">.fusion-fullwidth-4 {\n                            padding-left: 0px !important;\n                            padding-right: 0px !important;\n                        }<\/style><div class=\"fusion-row\"><div class=\"fusion-one-third fusion-layout-column fusion-spacing-yes\" style=\"margin-top:0px;margin-bottom:40px;\"><div class=\"fusion-column-wrapper\" style=\"background-color:#f8f8f8;\"><div class=\"imageframe-align-center\"><span class=\"fusion-imageframe imageframe-none imageframe-2 hover-type-zoomin\"><a href=\"http:\/\/merkanta.pl\/wp-content\/uploads\/2015\/02\/proces_1.jpg\" class=\"fusion-lightbox\" data-rel=\"iLightbox[d9ff92b65981c1e857a]\" data-title=\"proces_1\"> <img decoding=\"async\" src=\"http:\/\/merkanta.pl\/wp-content\/uploads\/2015\/02\/proces_1.jpg\" alt=\"\" class=\"img-responsive\"\/><\/a><\/span><\/div><div style=\"padding: 25px;\">\n<h4>IDENTYFIKACJA POTRZEB<\/h4>\n<p>&nbsp;<\/p>\n<\/div>\n<div class=\"fusion-clearfix\"><\/div><\/div><\/div><div class=\"fusion-one-third fusion-layout-column fusion-spacing-yes\" style=\"margin-top:0px;margin-bottom:40px;\"><div class=\"fusion-column-wrapper\" style=\"background-color:#f8f8f8;\"><div class=\"imageframe-align-center\"><span class=\"fusion-imageframe imageframe-none imageframe-3 hover-type-zoomin\"><a href=\"http:\/\/merkanta.pl\/wp-content\/uploads\/2015\/02\/proces_2.jpg\" class=\"fusion-lightbox\" data-rel=\"iLightbox[1a0f292a365833f85d6]\" data-title=\"proces_2\"> <img decoding=\"async\" src=\"http:\/\/merkanta.pl\/wp-content\/uploads\/2015\/02\/proces_2.jpg\" alt=\"\" class=\"img-responsive\"\/><\/a><\/span><\/div><div style=\"padding: 25px;\">\n<h4>DOPASOWANIE ROZWI\u0104ZANIA\/<\/h4>\n<p>&nbsp;<\/p>\n<\/div>\n<div class=\"fusion-clearfix\"><\/div><\/div><\/div><div class=\"fusion-one-third fusion-layout-column fusion-column-last fusion-spacing-yes\" style=\"margin-top:0px;margin-bottom:20px;\"><div class=\"fusion-column-wrapper\" style=\"background-color:#f8f8f8;\"><div class=\"imageframe-align-center\"><span class=\"fusion-imageframe imageframe-none imageframe-4 hover-type-zoomin\"><a href=\"http:\/\/merkanta.pl\/wp-content\/uploads\/2015\/02\/proces_3.jpg\" class=\"fusion-lightbox\" data-rel=\"iLightbox[99b88cff4a5c5348b41]\" data-title=\"proces_3\"> <img decoding=\"async\" src=\"http:\/\/merkanta.pl\/wp-content\/uploads\/2015\/02\/proces_3.jpg\" alt=\"\" class=\"img-responsive\"\/><\/a><\/span><\/div><div style=\"padding: 25px;\">\n<h4>PROJEKT\/OUTSOURCING<\/h4>\n<p>&nbsp;<\/p>\n<\/div>\n<div class=\"fusion-clearfix\"><\/div><\/div><\/div><div class=\"fusion-clearfix\"><\/div><\/div><\/div><div class=\"fusion-fullwidth fullwidth-box fusion-fullwidth-5  fusion-parallax-fixed nonhundred-percent-fullwidth\" style=\"border-color:#eae9e9;border-bottom-width: 0px;border-top-width: 0px;border-bottom-style: solid;border-top-style: solid;padding-bottom:150px;padding-top:150px;padding-left:0px;padding-right:0px;background-attachment:fixed;background-position:left top;background-repeat:no-repeat;-webkit-background-size:cover;-moz-background-size:cover;-o-background-size:cover;background-size:cover;-ms-filter: &quot;progid:DXImageTransform.Microsoft.AlphaImageLoader(src=&#039;http:\/\/merkanta.pl\/wp-content\/uploads\/2015\/05\/cube.jpg&#039;, sizingMethod=&#039;scale&#039;)&quot;;background-image: url(http:\/\/merkanta.pl\/wp-content\/uploads\/2015\/05\/cube.jpg);\"><style type=\"text\/css\" scoped=\"scoped\">.fusion-fullwidth-5 {\n                            padding-left: 0px !important;\n                            padding-right: 0px !important;\n                        }<\/style><div class=\"fusion-row\"><div class=\"fusion-one-half fusion-layout-column fusion-spacing-yes\" style=\"margin-top:0px;margin-bottom:20px;\"><div class=\"fusion-column-wrapper\"><h2><span style=\"color: #ffffff;\">Wierzbicka Park<\/span><\/h2>\n<div class=\"fusion-sep-clear\"><\/div><div class=\"fusion-separator fusion-full-width-sep sep-none\" style=\"border-color:#e0dede;margin-left: auto;margin-right: auto;margin-top:60px;\"><\/div><p><span style=\"color: #ffffff;\">W 2010 roku rozbudowali\u015bmy Nasz kompleks handlowy Wierzbicka Park do wielko\u015bci 4000 m\u00b2 z powierzchniami na wynajem.<\/span><\/p>\n<p><span style=\"color: #ffffff;\">Poprzez rozszerzanie swej oferty handlowej pozyskujemy nowych klient\u00f3w, a ilo\u015b\u0107 odbieranego towaru zawsze gwarantuje naszym odbiorcom zakup atrakcyjnych cenowo materia\u0142\u00f3w.<\/span><\/p>\n<p><span style=\"color: #ffffff;\">Nasi doradcy s\u0142yn\u0105 z kompetencji, \u017cyczliwo\u015bci i zrozumienia dla potrzeb klienta.<\/span><\/p>\n<p><span style=\"color: #ffffff;\">Fachowo doradz\u0105 w doborze odpowiednich materia\u0142\u00f3w do budowy wymarzonego domu.<\/span><\/p>\n<div class=\"fusion-clearfix\"><\/div><\/div><\/div><div class=\"fusion-one-half fusion-layout-column fusion-column-last fusion-spacing-yes\" style=\"margin-top:0px;margin-bottom:20px;\"><div class=\"fusion-column-wrapper\"><span class=\"fusion-imageframe imageframe-none imageframe-5 hover-type-zoomin fusion-animated\" data-animationType=\"fadeInDown\" data-animationDuration=\"1\" data-animationOffset=\"100%\"><a href=\"http:\/\/merkanta.pl\/wp-content\/uploads\/2016\/05\/Bez-nazwy-1.jpg\" class=\"fusion-lightbox\" data-rel=\"iLightbox[e680255792f53f1df74]\" data-title=\"Bez nazwy 1\"> <img decoding=\"async\" src=\"http:\/\/merkanta.pl\/wp-content\/uploads\/2016\/05\/Bez-nazwy-1.jpg\" alt=\"\" class=\"img-responsive\"\/><\/a><\/span><div class=\"fusion-clearfix\"><\/div><\/div><\/div><div class=\"fusion-clearfix\"><\/div><\/div><\/div>\n","protected":false},"excerpt":{"rendered":"","protected":false},"author":1,"featured_media":0,"parent":0,"menu_order":0,"comment_status":"closed","ping_status":"open","template":"100-width.php","meta":[],"aioseo_notices":[],"_links":{"self":[{"href":"https:\/\/merkanta.pl\/index.php?rest_route=\/wp\/v2\/pages\/9"}],"collection":[{"href":"https:\/\/merkanta.pl\/index.php?rest_route=\/wp\/v2\/pages"}],"about":[{"href":"https:\/\/merkanta.pl\/index.php?rest_route=\/wp\/v2\/types\/page"}],"author":[{"embeddable":true,"href":"https:\/\/merkanta.pl\/index.php?rest_route=\/wp\/v2\/users\/1"}],"replies":[{"embeddable":true,"href":"https:\/\/merkanta.pl\/index.php?rest_route=%2Fwp%2Fv2%2Fcomments&post=9"}],"version-history":[{"count":15,"href":"https:\/\/merkanta.pl\/index.php?rest_route=\/wp\/v2\/pages\/9\/revisions"}],"predecessor-version":[{"id":1653,"href":"https:\/\/merkanta.pl\/index.php?rest_route=\/wp\/v2\/pages\/9\/revisions\/1653"}],"wp:attachment":[{"href":"https:\/\/merkanta.pl\/index.php?rest_route=%2Fwp%2Fv2%2Fmedia&parent=9"}],"curies":[{"name":"wp","href":"https:\/\/api.w.org\/{rel}","templated":true}]}}