{"id":1547,"date":"2018-02-15T08:12:22","date_gmt":"2018-02-15T08:12:22","guid":{"rendered":"http:\/\/merkanta.pl\/?page_id=1547"},"modified":"2019-05-17T06:42:26","modified_gmt":"2019-05-17T06:42:26","slug":"ekipa","status":"publish","type":"page","link":"https:\/\/merkanta.pl\/?page_id=1547","title":{"rendered":"Ekipa"},"content":{"rendered":"<div class=\"fusion-fullwidth fullwidth-box fusion-fullwidth-1  fusion-parallax-none nonhundred-percent-fullwidth\" style=\"border-color:#eae9e9;border-bottom-width: 0px;border-top-width: 0px;border-bottom-style: solid;border-top-style: solid;padding-bottom:20px;padding-top:20px;padding-left:;padding-right:;background-position:left top;background-repeat:no-repeat;-webkit-background-size:cover;-moz-background-size:cover;-o-background-size:cover;background-size:cover;-ms-filter: &quot;progid:DXImageTransform.Microsoft.AlphaImageLoader(src=&#039;http:\/\/merkanta.pl\/wp-content\/uploads\/2018\/02\/ekipa_banner-kopia.jpg&#039;, sizingMethod=&#039;scale&#039;)&quot;;background-image: url(http:\/\/merkanta.pl\/wp-content\/uploads\/2018\/02\/ekipa_banner-kopia.jpg);\"><style type=\"text\/css\" scoped=\"scoped\">.fusion-fullwidth-1 {\n                            padding-left: px !important;\n                            padding-right: px !important;\n                        }<\/style><div class=\"fusion-row\"><div class=\"fusion-sep-clear\"><\/div><div class=\"fusion-separator fusion-full-width-sep sep-none\" style=\"border-color:#e0dede;margin-left: auto;margin-right: auto;margin-top:300px;margin-bottom:359px;\"><\/div><\/div><\/div><div class=\"fusion-fullwidth fullwidth-box fusion-fullwidth-2  fusion-parallax-none nonhundred-percent-fullwidth\" style=\"border-color:#eae9e9;border-bottom-width: 0px;border-top-width: 0px;border-bottom-style: solid;border-top-style: solid;padding-bottom:20px;padding-top:20px;padding-left:;padding-right:;\"><style type=\"text\/css\" scoped=\"scoped\">.fusion-fullwidth-2 {\n                            padding-left: px !important;\n                            padding-right: px !important;\n                        }<\/style><div class=\"fusion-row\"><p>PROFESJONALI\u015aCI<\/p>\n<p>Rozszerzamy ofert\u0119 o us\u0142ugi profesjonalist\u00f3w. Szukasz sprawdzonej ekipy<\/p>\n<ul>\n<li>tynkarze<\/li>\n<li>wylewki<\/li>\n<li>miksokret<\/li>\n<li>glazurnicy<\/li>\n<li>sufity podwieszane<\/li>\n<li>murarze<\/li>\n<li>malarze<\/li>\n<\/ul>\n<p>Dajemy gwarancje jako\u015bci wykonywanych us\u0142ug.<\/p>\n<p>Chcesz wynaj\u0105\u0107 ekip\u0119 ?<\/p>\n<p>Wy\u015blij zapytanie na ekipa@merkanta.pl<\/p>\n<\/div><\/div>\n","protected":false},"excerpt":{"rendered":"","protected":false},"author":1,"featured_media":0,"parent":0,"menu_order":0,"comment_status":"closed","ping_status":"closed","template":"100-width.php","meta":[],"aioseo_notices":[],"_links":{"self":[{"href":"https:\/\/merkanta.pl\/index.php?rest_route=\/wp\/v2\/pages\/1547"}],"collection":[{"href":"https:\/\/merkanta.pl\/index.php?rest_route=\/wp\/v2\/pages"}],"about":[{"href":"https:\/\/merkanta.pl\/index.php?rest_route=\/wp\/v2\/types\/page"}],"author":[{"embeddable":true,"href":"https:\/\/merkanta.pl\/index.php?rest_route=\/wp\/v2\/users\/1"}],"replies":[{"embeddable":true,"href":"https:\/\/merkanta.pl\/index.php?rest_route=%2Fwp%2Fv2%2Fcomments&post=1547"}],"version-history":[{"count":4,"href":"https:\/\/merkanta.pl\/index.php?rest_route=\/wp\/v2\/pages\/1547\/revisions"}],"predecessor-version":[{"id":1634,"href":"https:\/\/merkanta.pl\/index.php?rest_route=\/wp\/v2\/pages\/1547\/revisions\/1634"}],"wp:attachment":[{"href":"https:\/\/merkanta.pl\/index.php?rest_route=%2Fwp%2Fv2%2Fmedia&parent=1547"}],"curies":[{"name":"wp","href":"https:\/\/api.w.org\/{rel}","templated":true}]}}