{"id":957,"date":"2016-03-04T15:42:49","date_gmt":"2016-03-04T15:42:49","guid":{"rendered":"http:\/\/merkanta.pl\/?post_type=product&#038;p=957"},"modified":"2016-05-05T21:09:06","modified_gmt":"2016-05-05T21:09:06","slug":"ceramika-sanitarna","status":"publish","type":"product","link":"http:\/\/merkanta.pl\/?product=ceramika-sanitarna","title":{"rendered":"Ceramika sanitarna"},"content":{"rendered":"","protected":false},"excerpt":{"rendered":"<p>Zapraszamy na stron\u0119 <a href=\"http:\/\/www.galeriaceramiki.eu\/\" target=\"_blank\">http:\/\/www.galeriaceramiki.eu<\/a> gdzie znajd\u0105 pa\u0144stwo szeroki wyb\u00f3r ceramiki sanitarnej\u00a0oraz inspiruj\u0105ce aran\u017cacje.<\/p>\n","protected":false},"featured_media":958,"comment_status":"closed","ping_status":"closed","template":"","meta":[],"aioseo_notices":[],"_links":{"self":[{"href":"http:\/\/merkanta.pl\/index.php?rest_route=\/wp\/v2\/product\/957"}],"collection":[{"href":"http:\/\/merkanta.pl\/index.php?rest_route=\/wp\/v2\/product"}],"about":[{"href":"http:\/\/merkanta.pl\/index.php?rest_route=\/wp\/v2\/types\/product"}],"replies":[{"embeddable":true,"href":"http:\/\/merkanta.pl\/index.php?rest_route=%2Fwp%2Fv2%2Fcomments&post=957"}],"wp:featuredmedia":[{"embeddable":true,"href":"http:\/\/merkanta.pl\/index.php?rest_route=\/wp\/v2\/media\/958"}],"wp:attachment":[{"href":"http:\/\/merkanta.pl\/index.php?rest_route=%2Fwp%2Fv2%2Fmedia&parent=957"}],"curies":[{"name":"wp","href":"https:\/\/api.w.org\/{rel}","templated":true}]}}