{"id":955,"date":"2016-03-04T15:40:15","date_gmt":"2016-03-04T15:40:15","guid":{"rendered":"http:\/\/merkanta.pl\/?post_type=product&#038;p=955"},"modified":"2016-05-05T21:08:53","modified_gmt":"2016-05-05T21:08:53","slug":"plytki-ceramiczne","status":"publish","type":"product","link":"http:\/\/merkanta.pl\/?product=plytki-ceramiczne","title":{"rendered":"P\u0142ytki ceramiczne"},"content":{"rendered":"","protected":false},"excerpt":{"rendered":"<p>Zapraszamy na stron\u0119 <a href=\"http:\/\/www.galeriaceramiki.eu\/\" target=\"_blank\">http:\/\/www.galeriaceramiki.eu<\/a> gdzie znajd\u0105 pa\u0144stwo wyb\u00f3r p\u0142ytek oraz inspiruj\u0105ce aran\u017cacje wiod\u0105cych wytw\u00f3rc\u00f3w p\u0142ytek ze \u015bwiata i z Polski.<\/p>\n","protected":false},"featured_media":956,"comment_status":"closed","ping_status":"closed","template":"","meta":[],"aioseo_notices":[],"_links":{"self":[{"href":"http:\/\/merkanta.pl\/index.php?rest_route=\/wp\/v2\/product\/955"}],"collection":[{"href":"http:\/\/merkanta.pl\/index.php?rest_route=\/wp\/v2\/product"}],"about":[{"href":"http:\/\/merkanta.pl\/index.php?rest_route=\/wp\/v2\/types\/product"}],"replies":[{"embeddable":true,"href":"http:\/\/merkanta.pl\/index.php?rest_route=%2Fwp%2Fv2%2Fcomments&post=955"}],"wp:featuredmedia":[{"embeddable":true,"href":"http:\/\/merkanta.pl\/index.php?rest_route=\/wp\/v2\/media\/956"}],"wp:attachment":[{"href":"http:\/\/merkanta.pl\/index.php?rest_route=%2Fwp%2Fv2%2Fmedia&parent=955"}],"curies":[{"name":"wp","href":"https:\/\/api.w.org\/{rel}","templated":true}]}}