{"id":896,"date":"2016-03-04T13:53:00","date_gmt":"2016-03-04T13:53:00","guid":{"rendered":"http:\/\/merkanta.pl\/?post_type=product&#038;p=896"},"modified":"2016-05-05T21:08:05","modified_gmt":"2016-05-05T21:08:05","slug":"siatka-elewacyjna","status":"publish","type":"product","link":"http:\/\/merkanta.pl\/?product=siatka-elewacyjna","title":{"rendered":"Siatka elewacyjna"},"content":{"rendered":"<div class=\"tytul1\"><\/div>\n","protected":false},"excerpt":{"rendered":"<div class=\"tytul1\">Siatka elewacyjna<\/div>\n<div class=\"imgr\"><\/div>\n<p>Siatka elewacyjna do system\u00f3w docieple\u0144<br \/>\nz w\u0142\u00f3kna szklanego, 145 g \/m<sup>2<\/sup><\/p>\n<p>Numery ITB:<\/p>\n<p>Nida AT-15-5791\/2002<br \/>\nBared AT-15-6991\/2006<br \/>\nWeberman AT-15-5499\/2004<br \/>\nTradex AT-15-6784\/2005<\/p>\n<p>Na specjalne zam\u00f3wienie dostarczymy r\u00f3wnie\u017c siatk\u0119 o gramaturze 160 g\/m2 i inne.<\/p>\n","protected":false},"featured_media":897,"comment_status":"closed","ping_status":"closed","template":"","meta":[],"aioseo_notices":[],"_links":{"self":[{"href":"http:\/\/merkanta.pl\/index.php?rest_route=\/wp\/v2\/product\/896"}],"collection":[{"href":"http:\/\/merkanta.pl\/index.php?rest_route=\/wp\/v2\/product"}],"about":[{"href":"http:\/\/merkanta.pl\/index.php?rest_route=\/wp\/v2\/types\/product"}],"replies":[{"embeddable":true,"href":"http:\/\/merkanta.pl\/index.php?rest_route=%2Fwp%2Fv2%2Fcomments&post=896"}],"wp:featuredmedia":[{"embeddable":true,"href":"http:\/\/merkanta.pl\/index.php?rest_route=\/wp\/v2\/media\/897"}],"wp:attachment":[{"href":"http:\/\/merkanta.pl\/index.php?rest_route=%2Fwp%2Fv2%2Fmedia&parent=896"}],"curies":[{"name":"wp","href":"https:\/\/api.w.org\/{rel}","templated":true}]}}