{"id":1003,"date":"2016-03-14T12:56:27","date_gmt":"2016-03-14T12:56:27","guid":{"rendered":"http:\/\/merkanta.pl\/?post_type=product&#038;p=1003"},"modified":"2016-05-05T21:07:05","modified_gmt":"2016-05-05T21:07:05","slug":"termoizolacja-kingspan-kooltherm","status":"publish","type":"product","link":"http:\/\/merkanta.pl\/?product=termoizolacja-kingspan-kooltherm","title":{"rendered":"Termoizolacja Kingspan Kooltherm"},"content":{"rendered":"","protected":false},"excerpt":{"rendered":"<p class=\"contentheader\">P\u0142yta Kingspan Kooltherm K3\u00a0Termoizolacja posadzek i taras\u00f3w<\/p>\n<p>Wielko\u015b\u0107\u00a0p\u0142yt: 1200x600mm.<\/p>\n<p>G\u0119sto\u015b\u0107 min. 35 kg\/m3<\/p>\n<p>Wsp\u00f3\u0142czynnik przewodzenia ciep\u0142a:<\/p>\n<ul>\n<li>\u03bbD = 0,021 W\/(mK) dla grubo\u015bci 15 mm &#8211; 44 mm<\/li>\n<li>\u03bbD = 0,020 W\/(mK) dla grubo\u015bci 45 mm &#8211; 120 mm<\/li>\n<\/ul>\n<p>Kolor: ceglasty<\/p>\n<p>&nbsp;<\/p>\n<ul>\n<li>Sztywna pianka rezolowa o rekordowej warto\u015bci termoizolacyjnej <strong>\u03bb=0,020 W\/(mK)<\/strong><\/li>\n<li>Solidna posadzka bez p\u0119kni\u0119\u0107 dzi\u0119ki wysokiej odporno\u015bci na \u015bciskanie<\/li>\n<li>Struktura cel zamkni\u0119tych zapewnia trwa\u0142\u0105 warto\u015b\u0107 termoizolacji<\/li>\n<li>Maksymalna izolacyjno\u015b\u0107 gwarantuje obni\u017cenie grubo\u015bci termoizolacji<\/li>\n<li>Niska waga, \u0142atwa i szybka obr\u00f3bka<\/li>\n<li>Idealny materia\u0142 dla nowych i remontowanych posadzek<\/li>\n<li>w 100% wolna od FCKW i H-FCKW<\/li>\n<\/ul>\n<table border=\"1\" width=\"473\" cellpadding=\"2\">\n<tbody>\n<tr>\n<td>\n<h5><strong>\u00a0Grubo\u015b\u0107 (mm)<\/strong><\/h5>\n<\/td>\n<td>\n<h5><strong>20<\/strong><\/h5>\n<\/td>\n<td>\n<h5><strong>30<\/strong><\/h5>\n<\/td>\n<td>\n<h5><strong>40<\/strong><\/h5>\n<\/td>\n<td>\n<h5><strong>50<\/strong><\/h5>\n<\/td>\n<td>\n<h5><strong>60<\/strong><\/h5>\n<\/td>\n<td>\n<h5><strong>70<\/strong><\/h5>\n<\/td>\n<td>\n<h5><strong>80<\/strong><\/h5>\n<\/td>\n<td>\n<h5><strong>90<\/strong><\/h5>\n<\/td>\n<td>\n<h5><strong>100<\/strong><\/h5>\n<\/td>\n<td>\n<h5><strong>120<\/strong><\/h5>\n<\/td>\n<td>\n<h5><strong>140<\/strong><\/h5>\n<\/td>\n<td>\n<h5><strong>160*<\/strong><\/h5>\n<\/td>\n<\/tr>\n<tr>\n<td>\n<h5>\u00a0Ilo\u015b\u0107 p\u0142yt w paczce<\/h5>\n<\/td>\n<td>\n<h6>24<\/h6>\n<\/td>\n<td>\n<h6>16<\/h6>\n<\/td>\n<td>\n<h6>12<\/h6>\n<\/td>\n<td>\n<h6>10<\/h6>\n<\/td>\n<td>\n<h6>8<\/h6>\n<\/td>\n<td>\n<h6>6<\/h6>\n<\/td>\n<td>\n<h6>6<\/h6>\n<\/td>\n<td>\n<h6>4<\/h6>\n<\/td>\n<td>\n<h6>5<\/h6>\n<\/td>\n<td>\n<h6>4<\/h6>\n<\/td>\n<td>\n<h6>3<\/h6>\n<\/td>\n<td>\n<h6>3<\/h6>\n<\/td>\n<\/tr>\n<tr>\n<td>\n<h5>\u00a0Ilo\u015b\u0107 m<sup>2<\/sup> w paczce<\/h5>\n<\/td>\n<td>\n<h6>17,28<\/h6>\n<\/td>\n<td>\n<h6>11,52<\/h6>\n<\/td>\n<td>\n<h6>8,64<\/h6>\n<\/td>\n<td>\n<h6>7,20<\/h6>\n<\/td>\n<td>\n<h6>5,76<\/h6>\n<\/td>\n<td>\n<h6>4,32<\/h6>\n<\/td>\n<td>\n<h6>4,32<\/h6>\n<\/td>\n<td>\n<h6>2,88<\/h6>\n<\/td>\n<td>\n<h6>3,60<\/h6>\n<\/td>\n<td>\n<h6>2,88<\/h6>\n<\/td>\n<td>\n<h6>2,16<\/h6>\n<\/td>\n<td>\n<h6>2,16<\/h6>\n<\/td>\n<\/tr>\n<\/tbody>\n<\/table>\n<p>*produkt wy\u0142\u0105cznie na zam\u00f3wienie<\/p>\n<p><a href=\"http:\/\/merkanta.pl\/wp-content\/uploads\/2016\/03\/kingspan.jpg\" rel=\"attachment wp-att-1005\"><img decoding=\"async\" loading=\"lazy\" class=\"alignnone size-full wp-image-1005\" src=\"http:\/\/merkanta.pl\/wp-content\/uploads\/2016\/03\/kingspan.jpg\" alt=\"kingspan\" width=\"195\" height=\"195\" srcset=\"http:\/\/merkanta.pl\/wp-content\/uploads\/2016\/03\/kingspan.jpg 195w, http:\/\/merkanta.pl\/wp-content\/uploads\/2016\/03\/kingspan-150x150.jpg 150w, http:\/\/merkanta.pl\/wp-content\/uploads\/2016\/03\/kingspan-120x120.jpg 120w, http:\/\/merkanta.pl\/wp-content\/uploads\/2016\/03\/kingspan-66x66.jpg 66w\" sizes=\"(max-width: 195px) 100vw, 195px\" \/><\/a><\/p>\n","protected":false},"featured_media":1006,"comment_status":"closed","ping_status":"closed","template":"","meta":[],"aioseo_notices":[],"_links":{"self":[{"href":"http:\/\/merkanta.pl\/index.php?rest_route=\/wp\/v2\/product\/1003"}],"collection":[{"href":"http:\/\/merkanta.pl\/index.php?rest_route=\/wp\/v2\/product"}],"about":[{"href":"http:\/\/merkanta.pl\/index.php?rest_route=\/wp\/v2\/types\/product"}],"replies":[{"embeddable":true,"href":"http:\/\/merkanta.pl\/index.php?rest_route=%2Fwp%2Fv2%2Fcomments&post=1003"}],"wp:featuredmedia":[{"embeddable":true,"href":"http:\/\/merkanta.pl\/index.php?rest_route=\/wp\/v2\/media\/1006"}],"wp:attachment":[{"href":"http:\/\/merkanta.pl\/index.php?rest_route=%2Fwp%2Fv2%2Fmedia&parent=1003"}],"curies":[{"name":"wp","href":"https:\/\/api.w.org\/{rel}","templated":true}]}}