{"id":1665,"date":"2019-12-11T17:42:50","date_gmt":"2019-12-11T17:42:50","guid":{"rendered":"http:\/\/merkanta.pl\/?page_id=1665"},"modified":"2019-12-11T17:43:13","modified_gmt":"2019-12-11T17:43:13","slug":"fundusze-europejskie","status":"publish","type":"page","link":"http:\/\/merkanta.pl\/?page_id=1665","title":{"rendered":"Fundusze Europejskie"},"content":{"rendered":"<div class=\"fusion-fullwidth fullwidth-box fusion-fullwidth-1  fusion-parallax-none nonhundred-percent-fullwidth\" style=\"border-color:#eae9e9;border-bottom-width: 0px;border-top-width: 0px;border-bottom-style: solid;border-top-style: solid;padding-bottom:20px;padding-top:20px;padding-left:;padding-right:;\"><style type=\"text\/css\" scoped=\"scoped\">.fusion-fullwidth-1 {\n                            padding-left: px !important;\n                            padding-right: px !important;\n                        }<\/style><div class=\"fusion-row\"><span class=\"fusion-imageframe imageframe-none imageframe-1 hover-type-none\"> <img decoding=\"async\" src=\"http:\/\/merkanta.pl\/wp-content\/uploads\/2019\/12\/merk-1024x98.jpg\" alt=\"\" class=\"img-responsive\"\/><\/span><\/div><\/div><p>Firma Merkanta\u00a0rozpocz\u0119\u0142a\u00a0dzia\u0142alno\u015b\u0107 w 1993 roku. Na pocz\u0105tku dzia\u0142alno\u015bci zajmowa\u0142a si\u0119 kompleksow\u0105 sprzeda\u017c\u0105 hurtow\u0105 i detaliczn\u0105 materia\u0142\u00f3w budowlanych i wyko\u0144czeniowych, obs\u0142ug\u0105 inwestycji budowlanych, a w kolejnych latach rozszerzy\u0142a asortyment sprzeda\u017cy o : odzie\u017c ochronn\u0105 i bhp oraz odzie\u017c i \u015brodki ochrony jednorazowej. Obecnie kompleksowo zaopatruje ponad \u00a0200 hurtowni materia\u0142\u00f3w budowlanych\u00a0 oraz firm budowlanych w materia\u0142y takie jak: gazobeton bia\u0142y i szary, ceg\u0142a ceramiczna, ceg\u0142a silikatowa, ceg\u0142a klinkierowa, pokrycia dachowe, wapno hydratyzowane, cement, papy, siatka elewacyjna, we\u0142ny mineralne, styropian, karton \u2013 gips. Dzi\u0119ki dofinansowaniu uzyskanemu w ramach Regionalnego Programu Operacyjnego Wojew\u00f3dztwa Mazowieckiego firma rozpocz\u0119\u0142a projekt pt. \u201eZakup us\u0142ugi B+R przez firm\u0119 Merkanta\u201d. Celem projektu jest zdobycie nowej wiedzy w zakresie metod produkcji gotowych polistyrenowych dom\u00f3w. Domy wykonane w takiej technologii s\u0105 bardzo lekkie, energooszcz\u0119dne, odporne na dzia\u0142anie si\u0142 natury (tajfuny, trz\u0119sienia ziemi) oraz s\u0105 \u0142atwe w monta\u017cu i transporcie. W zwi\u0105zku z przepisami prawa budowlanego w Polsce i wielu krajach na \u015bwiecie ich przewag\u0105 jest r\u00f3wnie\u017c to, \u017ce nie s\u0105 na sta\u0142e zwi\u0105zane z gruntem. Nale\u017cy podkre\u015bli\u0107, \u017ce technologia budowy dom\u00f3w ze styropianu zaczyna si\u0119 bardzo dynamicznie rozwija\u0107 w Japonii, gdzie powsta\u0142o pierwsze osiedle takich budynk\u00f3w. W Aso Farm Land Resort Village w Kyushu mo\u017cna zobaczy\u0107 480 styropianowych obiekt\u00f3w o r\u00f3\u017cnym przeznaczeniu. S\u0105 tam budynki mieszkalne, sklepy, punkty us\u0142ugowe i rekreacyjne. W Polsce ta technologia r\u00f3wnie\u017c ma du\u017ce mo\u017cliwo\u015bci ekspansji, co pokazuje rozw\u00f3j rynku budynk\u00f3w mieszkalnych budowanych np. z kontener\u00f3w. Celem projektu jest wzrost konkurencyjno\u015bci firmy Merkanta oraz wypromowanie produktu w\u0142asnej marki.<\/p>\n<p>&nbsp;<\/p>\n<div class=\"fusion-fullwidth fullwidth-box fusion-fullwidth-2  fusion-parallax-none nonhundred-percent-fullwidth\" style=\"border-color:#eae9e9;border-bottom-width: 0px;border-top-width: 0px;border-bottom-style: solid;border-top-style: solid;padding-bottom:20px;padding-top:20px;padding-left:;padding-right:;\"><style type=\"text\/css\" scoped=\"scoped\">.fusion-fullwidth-2 {\n                            padding-left: px !important;\n                            padding-right: px !important;\n                        }<\/style><div class=\"fusion-row\"><p>Firma Merkanta dzi\u0119ki dofinansowaniu uzyskanemu w ramach Regionalnego Programu Operacyjnego Wojew\u00f3dztwa Mazowieckiego firma rozpocz\u0119\u0142a realizacj\u0119 projektu nr RPMA.01.02.00-14-B099\/18, pt. \u201eZakup us\u0142ugi B+R przez firm\u0119 Merkanta\u201d. Za\u0142o\u017ceniem projektu jest opracowanie dokumentacji wraz z prototypem oraz testy przedprodukcyjne na wybranych obiektach inteligentnych system\u00f3w fotowoltaicznych. Celem projektu jest wzrost konkurencyjno\u015bci firmy Merkanta oraz wypromowanie produktu w\u0142asnej marki.<\/p>\n<p>Dofinansowanie projektu z UE: 199 950,00 z\u0142<\/p>\n<\/div><\/div>\n","protected":false},"excerpt":{"rendered":"","protected":false},"author":1,"featured_media":0,"parent":0,"menu_order":0,"comment_status":"closed","ping_status":"closed","template":"","meta":[],"aioseo_notices":[],"_links":{"self":[{"href":"http:\/\/merkanta.pl\/index.php?rest_route=\/wp\/v2\/pages\/1665"}],"collection":[{"href":"http:\/\/merkanta.pl\/index.php?rest_route=\/wp\/v2\/pages"}],"about":[{"href":"http:\/\/merkanta.pl\/index.php?rest_route=\/wp\/v2\/types\/page"}],"author":[{"embeddable":true,"href":"http:\/\/merkanta.pl\/index.php?rest_route=\/wp\/v2\/users\/1"}],"replies":[{"embeddable":true,"href":"http:\/\/merkanta.pl\/index.php?rest_route=%2Fwp%2Fv2%2Fcomments&post=1665"}],"version-history":[{"count":2,"href":"http:\/\/merkanta.pl\/index.php?rest_route=\/wp\/v2\/pages\/1665\/revisions"}],"predecessor-version":[{"id":1667,"href":"http:\/\/merkanta.pl\/index.php?rest_route=\/wp\/v2\/pages\/1665\/revisions\/1667"}],"wp:attachment":[{"href":"http:\/\/merkanta.pl\/index.php?rest_route=%2Fwp%2Fv2%2Fmedia&parent=1665"}],"curies":[{"name":"wp","href":"https:\/\/api.w.org\/{rel}","templated":true}]}}